{"id":17,"date":"2018-11-01T15:07:41","date_gmt":"2018-11-01T14:07:41","guid":{"rendered":"https:\/\/olympiakarate.com\/?page_id=17"},"modified":"2024-01-03T17:30:57","modified_gmt":"2024-01-03T16:30:57","slug":"plan","status":"publish","type":"page","link":"https:\/\/olympiakarate.com\/index.php\/plan\/","title":{"rendered":"Plan d&rsquo;acc\u00e8s"},"content":{"rendered":"<p>Le dojo se situe dans le Gymnase Jules Deschaseaux au 35 rue du Pont Tinel.<\/p>\n<p><iframe loading=\"lazy\" src=\"https:\/\/www.google.com\/maps\/embed?pb=!1m18!1m12!1m3!1d3664.3453879295466!2d0.16790259005529815!3d49.50181665483006!2m3!1f0!2f0!3f0!3m2!1i1024!2i768!4f13.1!3m3!1m2!1s0x47e02fd953e17b77%3A0x2a7e320a42f3a7dd!2s35+Rue+du+Pont+Tinel%2C+76600+Le+Havre!5e0!3m2!1sfr!2sfr!4v1541149337104\" width=\"400\" height=\"300\" frameborder=\"0\" style=\"border:0\" allowfullscreen=\"\"><\/iframe><\/p>\n<p>Dans le hall d&rsquo;entr\u00e9e, prendre les escaliers et la premi\u00e8re porte \u00e0 droite, vous \u00eates arriv\u00e9 !<\/p>\n<p><iframe loading=\"lazy\" style=\"border: 0;\" src=\"https:\/\/www.google.com\/maps\/embed?pb=!4v1541107151177!6m8!1m7!1sFtatGsVDbao6Jnjp1ZPpzg!2m2!1d49.50201983474896!2d0.169856741424033!3f37.44031322367773!4f-4.952381047903032!5f0.7820865974627469\" width=\"600\" height=\"450\" frameborder=\"0\" allowfullscreen=\"allowfullscreen\"><\/iframe><\/p>\n","protected":false},"excerpt":{"rendered":"<p>Le dojo se situe dans le Gymnase Jules Deschaseaux au 35 rue du Pont Tinel. Dans le hall d&rsquo;entr\u00e9e, prendre les escaliers et la premi\u00e8re porte \u00e0 droite, vous \u00eates arriv\u00e9 !<\/p>\n","protected":false},"author":2,"featured_media":0,"parent":0,"menu_order":0,"comment_status":"closed","ping_status":"closed","template":"","meta":{"footnotes":""},"class_list":["post-17","page","type-page","status-publish","hentry"],"jetpack_sharing_enabled":true,"jetpack_likes_enabled":true,"_links":{"self":[{"href":"https:\/\/olympiakarate.com\/index.php\/wp-json\/wp\/v2\/pages\/17"}],"collection":[{"href":"https:\/\/olympiakarate.com\/index.php\/wp-json\/wp\/v2\/pages"}],"about":[{"href":"https:\/\/olympiakarate.com\/index.php\/wp-json\/wp\/v2\/types\/page"}],"author":[{"embeddable":true,"href":"https:\/\/olympiakarate.com\/index.php\/wp-json\/wp\/v2\/users\/2"}],"replies":[{"embeddable":true,"href":"https:\/\/olympiakarate.com\/index.php\/wp-json\/wp\/v2\/comments?post=17"}],"version-history":[{"count":5,"href":"https:\/\/olympiakarate.com\/index.php\/wp-json\/wp\/v2\/pages\/17\/revisions"}],"predecessor-version":[{"id":429,"href":"https:\/\/olympiakarate.com\/index.php\/wp-json\/wp\/v2\/pages\/17\/revisions\/429"}],"wp:attachment":[{"href":"https:\/\/olympiakarate.com\/index.php\/wp-json\/wp\/v2\/media?parent=17"}],"curies":[{"name":"wp","href":"https:\/\/api.w.org\/{rel}","templated":true}]}}