{"id":2,"date":"2018-10-31T18:47:22","date_gmt":"2018-10-31T17:47:22","guid":{"rendered":"http:\/\/olympiakarate.com\/?page_id=2"},"modified":"2024-08-15T16:22:31","modified_gmt":"2024-08-15T14:22:31","slug":"page-d-exemple","status":"publish","type":"page","link":"https:\/\/olympiakarate.com\/","title":{"rendered":"Sportons-nous bien !"},"content":{"rendered":"\n<p>Retrouvez toutes les actualit\u00e9s sur notre site Facebook. (Informations, Photos, Vid\u00e9os, \u00e9v\u00e8nements \u00e0 venir &#8230;) <a href=\"https:\/\/www.facebook.com\/olympiakaratelehavre\" data-type=\"link\" data-id=\"https:\/\/www.facebook.com\/olympiakaratelehavre\">\u00d4LH sur Facebook<\/a><\/p>\n\n\n\n<figure class=\"wp-block-image size-full is-resized\"><img loading=\"lazy\" decoding=\"async\" width=\"701\" height=\"396\" src=\"https:\/\/olympiakarate.com\/wp-content\/uploads\/2024\/08\/OLH.jpg\" alt=\"\" class=\"wp-image-487\" style=\"width:673px;height:auto\" srcset=\"https:\/\/olympiakarate.com\/wp-content\/uploads\/2024\/08\/OLH.jpg 701w, https:\/\/olympiakarate.com\/wp-content\/uploads\/2024\/08\/OLH-300x169.jpg 300w\" sizes=\"(max-width: 701px) 100vw, 701px\" \/><\/figure>\n\n\n\n<p><\/p>\n\n\n\n<p><\/p>\n\n\n\n<p class=\"has-text-align-center\" style=\"font-size:24px\"><strong><mark style=\"background-color:rgba(0, 0, 0, 0)\" class=\"has-inline-color has-vivid-red-color\">Rejoignez nous \u00e0 tout instant de l&rsquo;ann\u00e9e dans toutes nos activit\u00e9s<\/mark><\/strong><\/p>\n\n\n\n<p class=\"has-text-align-center\" style=\"font-size:15px\">Nous avons tous commenc\u00e9 un jour en tant qu&rsquo;\u00e9l\u00e8ve et d\u00e9butant<\/p>\n\n\n\n<p class=\"has-text-align-center\" style=\"font-size:15px\">Nous savons ce que c&rsquo;est que de pousser une nouvelle porte<\/p>\n\n\n\n<p class=\"has-text-align-center\" style=\"font-size:15px\">C&rsquo;est d\u00e9stabilisant au d\u00e9but et puis apr\u00e8s on se sent bien<\/p>\n\n\n\n<p class=\"has-text-align-center\" style=\"font-size:24px\"><strong><mark style=\"background-color:rgba(0, 0, 0, 0)\" class=\"has-inline-color has-vivid-red-color\"><\/mark><\/strong><\/p>\n\n\n\n<p><\/p>\n\n\n<p>En cette p\u00e9riode post JO Paris 2024, nous vous invitons \u00e0 consulter l\u2019article :<\/p>\n<p><a href=\"https:\/\/www.monde-diplomatique.fr\/2024\/05\/DESCAMPS\/66829\">https:\/\/www.monde-diplomatique.fr\/2024\/05\/DESCAMPS\/66829<\/a>.<\/p>\n<p>Notamment le dernier paragraphe :<\/p>\n<p><em>\u00ab\u00a0<strong>Le premier pas vers l\u2019activit\u00e9 physique consiste \u00e0 prendre conscience de la force d\u2019attraction s\u00e9dentaire<\/strong>\u00a0\u00bb,<\/em> notent deux scientifiques qui ont \u00e9tudi\u00e9 les racines profondes et physiologiques de l\u2019inactivit\u00e9\u00a0(<a href=\"https:\/\/www.monde-diplomatique.fr\/2024\/05\/DESCAMPS\/66829#nb12\">1<\/a>). Trop d\u2019inconfort, de douleur, de domination, d\u2019\u00e9checs sont associ\u00e9s au \u00ab\u00a0sport-spectacle\u00a0\u00bb. <em>\u00ab\u00a0<strong>En revanche,<\/strong><\/em><strong> concluent-ils, <em>si faire de l\u2019activit\u00e9 physique s\u2019accompagne de plaisir, de bien-\u00eatre, voire d\u2019un sentiment de fiert\u00e9, alors notre cerveau va au contraire chercher \u00e0 renforcer l\u2019engagement dans cette activit\u00e9. Ces \u00e9motions positives v\u00e9cues lors de nos s\u00e9ances d\u2019activit\u00e9 physique vont aider \u00e0 contrebalancer notre tendance spontan\u00e9e \u00e0 minimiser les efforts.\u00a0\u00bb<\/em> <\/strong>Ces \u00e9mois seront d\u2019autant plus positifs et durables dans un univers calme, non marchand, d\u00e9paysant, a fortiori en pleine nature.<\/p>\n<p>(1)\u00a0Boris Cheval et Matthieu Boisgontier, <em>Le Syndrome du paresseux. Petit pr\u00e9cis pour combattre notre inactivit\u00e9 physique,<\/em> Dunod, Malakoff, 2020.<\/p>\n<p style=\"text-align: center;\">\n\n\n<div class=\"wp-block-columns has-2-columns is-layout-flex wp-container-core-columns-is-layout-1 wp-block-columns-is-layout-flex\">\n<div class=\"wp-block-column is-layout-flow wp-block-column-is-layout-flow\">\n<p><\/p>\n<\/div>\n\n\n\n<div class=\"wp-block-column is-layout-flow wp-block-column-is-layout-flow\"><\/div>\n<\/div>\n\n\n\n<p><\/p>\n","protected":false},"excerpt":{"rendered":"<p>Retrouvez toutes les actualit\u00e9s sur notre site Facebook. (Informations, Photos, Vid\u00e9os, \u00e9v\u00e8nements \u00e0 venir &#8230;) \u00d4LH sur Facebook Rejoignez nous \u00e0 tout instant de l&rsquo;ann\u00e9e dans toutes nos activit\u00e9s Nous avons tous commenc\u00e9 un jour en tant qu&rsquo;\u00e9l\u00e8ve et d\u00e9butant Nous savons ce que c&rsquo;est que de pousser une nouvelle porte C&rsquo;est d\u00e9stabilisant au d\u00e9but &hellip; <\/p>\n<p class=\"link-more\"><a href=\"https:\/\/olympiakarate.com\/\" class=\"more-link\">Continuer la lecture<span class=\"screen-reader-text\"> de &laquo;&nbsp;Sportons-nous bien !&nbsp;&raquo;<\/span><\/a><\/p>\n","protected":false},"author":2,"featured_media":0,"parent":0,"menu_order":0,"comment_status":"closed","ping_status":"open","template":"","meta":{"footnotes":""},"class_list":["post-2","page","type-page","status-publish","hentry"],"jetpack_sharing_enabled":true,"jetpack_likes_enabled":true,"_links":{"self":[{"href":"https:\/\/olympiakarate.com\/index.php\/wp-json\/wp\/v2\/pages\/2"}],"collection":[{"href":"https:\/\/olympiakarate.com\/index.php\/wp-json\/wp\/v2\/pages"}],"about":[{"href":"https:\/\/olympiakarate.com\/index.php\/wp-json\/wp\/v2\/types\/page"}],"author":[{"embeddable":true,"href":"https:\/\/olympiakarate.com\/index.php\/wp-json\/wp\/v2\/users\/2"}],"replies":[{"embeddable":true,"href":"https:\/\/olympiakarate.com\/index.php\/wp-json\/wp\/v2\/comments?post=2"}],"version-history":[{"count":35,"href":"https:\/\/olympiakarate.com\/index.php\/wp-json\/wp\/v2\/pages\/2\/revisions"}],"predecessor-version":[{"id":499,"href":"https:\/\/olympiakarate.com\/index.php\/wp-json\/wp\/v2\/pages\/2\/revisions\/499"}],"wp:attachment":[{"href":"https:\/\/olympiakarate.com\/index.php\/wp-json\/wp\/v2\/media?parent=2"}],"curies":[{"name":"wp","href":"https:\/\/api.w.org\/{rel}","templated":true}]}}